{"id":19,"date":"2019-02-26T07:52:21","date_gmt":"2019-02-26T07:52:21","guid":{"rendered":"https:\/\/www.digitaldrimz.com\/?page_id=19"},"modified":"2024-07-25T11:56:31","modified_gmt":"2024-07-25T11:56:31","slug":"data-centric-products","status":"publish","type":"page","link":"https:\/\/www.digitaldrimz.com\/tusociotecnologico\/","title":{"rendered":"Data Centric Products"},"content":{"rendered":"\n<div class=\"alignfull wp-block-ugb-container ugb-container catContainer ugb-4c7ce0f ugb-container--v2 ugb-container--design-basic ugb-main-block\"><style>.ugb-4c7ce0f-wrapper > .ugb-container__side{align-items:center !important}.ugb-4c7ce0f-wrapper.ugb-container__wrapper{background-color:#0693e3 !important;background-image:url(https:\/\/www.digitaldrimz.com\/tusociotecnologico\/wp-content\/uploads\/2019\/03\/fondo-concepto-tecnologia-malla-alambre-espacio-texto_1017-14622-compressor.jpg)}.ugb-4c7ce0f-wrapper.ugb-container__wrapper:before{background-color:#0693e3 !important;opacity:0.8}.ugb-4c7ce0f h1,.ugb-4c7ce0f h2,.ugb-4c7ce0f h3,.ugb-4c7ce0f h4,.ugb-4c7ce0f h5,.ugb-4c7ce0f h6{color:#ffffff}.ugb-4c7ce0f p,.ugb-4c7ce0f li,.ugb-4c7ce0f label,.ugb-4c7ce0f table{color:#ffffff}.ugb-4c7ce0f a:hover,.ugb-4c7ce0f a:hover:visited{color:#ffffff}.ugb-4c7ce0f-content-wrapper > h1,.ugb-4c7ce0f-content-wrapper > h2,.ugb-4c7ce0f-content-wrapper > h3,.ugb-4c7ce0f-content-wrapper > h4,.ugb-4c7ce0f-content-wrapper > h5,.ugb-4c7ce0f-content-wrapper > h6{color:#ffffff}.ugb-4c7ce0f-content-wrapper > p,.ugb-4c7ce0f-content-wrapper > ol li,.ugb-4c7ce0f-content-wrapper > ul li{color:#ffffff}@media screen and (min-width:768px){.ugb-4c7ce0f-content-wrapper.ugb-container__content-wrapper{width:89% !important}.ugb-4c7ce0f.ugb-container{margin-top:0px !important;margin-bottom:0px !important}}.ugb-4c7ce0f a,.ugb-4c7ce0f a:visited,.ugb-4c7ce0f a:focus{color:#ffffff}<\/style><div class=\"ugb-inner-block\"><div class=\"ugb-block-content\"><div class=\"ugb-container__wrapper ugb-4c7ce0f-wrapper ugb--shadow-3 ugb--has-background-overlay\"><div class=\"ugb-container__side\"><div class=\"ugb-container__content-wrapper ugb-4c7ce0f-content-wrapper\">\n<div class=\"wp-block-columns has-2-columns catdiv is-layout-flex wp-container-core-columns-is-layout-1 wp-block-columns-is-layout-flex\">\n<div class=\"wp-block-column is-layout-flow wp-block-column-is-layout-flow\">\n<p class=\"has-medium-font-size\"><i class=\"fa fa-check\"><\/i> \u00bfTienes una <strong>inmobiliaria<\/strong>?<\/p>\n\n\n\n<p class=\"has-medium-font-size\"><i class=\"fa fa-check\"><\/i> \u00bfTienes una <strong>web, CRM y millones de Excels<\/strong>?<\/p>\n\n\n\n<p class=\"has-medium-font-size\"><i class=\"fa fa-check\"><\/i> \u00bfTardas mucho tiempo <strong>subiendo tus inmuebles<\/strong> de tu CRM a tu Web?<\/p>\n\n\n\n<p class=\"has-medium-font-size\"><i class=\"fa fa-check\"><\/i> \u00bfTienes problemas <strong>integrando toda tu informaci\u00f3n<\/strong><\/p>\n\n\n\n<p class=\"has-medium-font-size\"><i class=\"fa fa-check\"><\/i> \u00bfY si te digo que eso le pasa a muchos como t\u00fa y que <strong>nosotros les hemos ayudado<\/strong>?<\/p>\n<\/div>\n\n\n\n<div class=\"wp-block-column is-layout-flow wp-block-column-is-layout-flow\">\n<div class=\"wpcf7 no-js\" id=\"wpcf7-f18-o1\" lang=\"en-US\" dir=\"ltr\">\n<div class=\"screen-reader-response\"><p role=\"status\" aria-live=\"polite\" aria-atomic=\"true\"><\/p> <ul><\/ul><\/div>\n<form action=\"\/tusociotecnologico\/wp-json\/wp\/v2\/pages\/19#wpcf7-f18-o1\" method=\"post\" class=\"wpcf7-form init\" id=\"catForm\" aria-label=\"Contact form\" novalidate=\"novalidate\" data-status=\"init\">\n<div style=\"display: none;\">\n<input type=\"hidden\" name=\"_wpcf7\" value=\"18\" \/>\n<input type=\"hidden\" name=\"_wpcf7_version\" value=\"5.9.8\" \/>\n<input type=\"hidden\" name=\"_wpcf7_locale\" value=\"en_US\" \/>\n<input type=\"hidden\" name=\"_wpcf7_unit_tag\" value=\"wpcf7-f18-o1\" \/>\n<input type=\"hidden\" name=\"_wpcf7_container_post\" value=\"0\" \/>\n<input type=\"hidden\" name=\"_wpcf7_posted_data_hash\" value=\"\" \/>\n<input type=\"hidden\" name=\"_wpcf7_recaptcha_response\" value=\"\" \/>\n<\/div>\n<p><label> Nombre<br \/>\n<span class=\"wpcf7-form-control-wrap\" data-name=\"nombre\"><input size=\"40\" maxlength=\"400\" class=\"wpcf7-form-control wpcf7-text wpcf7-validates-as-required\" aria-required=\"true\" aria-invalid=\"false\" value=\"\" type=\"text\" name=\"nombre\" \/><\/span> <\/label>\n<\/p>\n<p><label> Email<br \/>\n<span class=\"wpcf7-form-control-wrap\" data-name=\"email\"><input size=\"40\" maxlength=\"400\" class=\"wpcf7-form-control wpcf7-email wpcf7-validates-as-required wpcf7-text wpcf7-validates-as-email\" aria-required=\"true\" aria-invalid=\"false\" value=\"\" type=\"email\" name=\"email\" \/><\/span> <\/label>\n<\/p>\n<p><label> Tel\u00c3\u0083\u00c2\u00a9fono<br \/>\n<span class=\"wpcf7-form-control-wrap\" data-name=\"tlf\"><input size=\"40\" maxlength=\"400\" class=\"wpcf7-form-control wpcf7-tel wpcf7-text wpcf7-validates-as-tel\" aria-invalid=\"false\" value=\"\" type=\"tel\" name=\"tlf\" \/><\/span> <\/label>\n<\/p>\n<p><input class=\"wpcf7-form-control wpcf7-submit has-spinner\" type=\"submit\" value=\"Te llamamos\" \/>\n<\/p><div class=\"wpcf7-response-output\" aria-hidden=\"true\"><\/div>\n<\/form>\n<\/div>\n\n<\/div>\n<\/div>\n<\/div><\/div><\/div><\/div><\/div><\/div>\n\n\n\n<hr class=\"wp-block-separator has-css-opacity\"\/>\n\n\n\n<h1 class=\"wp-block-heading has-text-align-center\" id=\"dataCentricProducts\">DATA CENTRIC PRODUCTS<\/h1>\n\n\n\n<div class=\"wp-block-columns has-3-columns is-layout-flex wp-container-core-columns-is-layout-2 wp-block-columns-is-layout-flex\">\n<div class=\"wp-block-column is-layout-flow wp-block-column-is-layout-flow\"><div class=\"wp-block-image\">\n<figure class=\"aligncenter is-resized\"><img loading=\"lazy\" decoding=\"async\" width=\"128\" height=\"128\" src=\"https:\/\/www.digitaldrimz.com\/tusociotecnologico\/wp-content\/uploads\/2019\/02\/marketing-icon1.png\" alt=\"\" class=\"wp-image-50\" style=\"width:128px;height:128px\"\/><\/figure><\/div>\n\n\n<h3 class=\"wp-block-heading has-text-align-center\">Inmobiliarias y Promotores Inmobiliarias<\/h3>\n\n\n\n<p class=\"has-text-align-center has-medium-font-size\">Toma ventaja de tus competidores analizando datos de tus clientes, de las ventas de tus inmuebles y encuentra las mejores oportunidades del mercado.<\/p>\n<\/div>\n\n\n\n<div class=\"wp-block-column is-layout-flow wp-block-column-is-layout-flow\"><div class=\"wp-block-image\">\n<figure class=\"aligncenter is-resized\"><img loading=\"lazy\" decoding=\"async\" width=\"128\" height=\"128\" src=\"https:\/\/www.digitaldrimz.com\/tusociotecnologico\/wp-content\/uploads\/2019\/02\/marketing-icon2.png\" alt=\"\" class=\"wp-image-51\" style=\"width:128px;height:128px\"\/><\/figure><\/div>\n\n\n<h3 class=\"wp-block-heading has-text-align-center\">Sector energ\u00e9tico<\/h3>\n\n\n\n<p class=\"has-text-align-center has-medium-font-size\">Integra los datos de diferentes plantas solares y e\u00f3licas y analiza cuales son las mejores localizaciones y encuentra c\u00f3mo mejorar la energ\u00eda producida<\/p>\n<\/div>\n\n\n\n<div class=\"wp-block-column is-layout-flow wp-block-column-is-layout-flow\"><div class=\"wp-block-image\">\n<figure class=\"aligncenter\"><img loading=\"lazy\" decoding=\"async\" width=\"128\" height=\"128\" src=\"https:\/\/www.digitaldrimz.com\/tusociotecnologico\/wp-content\/uploads\/2019\/02\/marketing-icon3.png\" alt=\"\" class=\"wp-image-54\"\/><\/figure><\/div>\n\n\n<h3 class=\"wp-block-heading has-text-align-center\">Cadenas de Ventas a Clientes<\/h3>\n\n\n\n<p class=\"has-text-align-center has-medium-font-size\">Analiza las compras de tus clientes en tiempo real, integra los datos de tus ventas f\u00edsicas con la de tu tienda online y obt\u00e9n informaci\u00f3n valiosa para adelantarte a la competencia<\/p>\n<\/div>\n<\/div>\n\n\n\n<hr class=\"wp-block-separator has-css-opacity\"\/>\n\n\n\n<h2 class=\"wp-block-heading has-text-align-center\" id=\"howTo\">\u00bfComo lo haremos?<\/h2>\n\n\n\n<div class=\"wp-block-columns has-3-columns is-layout-flex wp-container-core-columns-is-layout-3 wp-block-columns-is-layout-flex\">\n<div class=\"wp-block-column is-layout-flow wp-block-column-is-layout-flow\"><div class=\"wp-block-image\">\n<figure class=\"aligncenter\"><img loading=\"lazy\" decoding=\"async\" width=\"650\" height=\"351\" src=\"https:\/\/www.digitaldrimz.com\/tusociotecnologico\/wp-content\/uploads\/2019\/03\/dataintegration-capability-compressor.png\" alt=\"\" class=\"wp-image-137\" srcset=\"https:\/\/www.digitaldrimz.com\/tusociotecnologico\/wp-content\/uploads\/2019\/03\/dataintegration-capability-compressor.png 650w, https:\/\/www.digitaldrimz.com\/tusociotecnologico\/wp-content\/uploads\/2019\/03\/dataintegration-capability-compressor-300x162.png 300w\" sizes=\"(max-width: 650px) 100vw, 650px\" \/><\/figure><\/div>\n\n\n<h3 class=\"wp-block-heading has-text-align-center\">Integraci\u00f3n de Datos<\/h3>\n\n\n\n<p class=\"has-text-align-center has-medium-font-size\">La integraci\u00f3n de datos es una parte fundamental de todo producto centrado en los datos. Unir\u00e1 en una misma base de datos distribuida todos los datos transform\u00e1ndolos y almacen\u00e1ndolos con el fin de poder ser analizados<\/p>\n<\/div>\n\n\n\n<div class=\"wp-block-column is-layout-flow wp-block-column-is-layout-flow\"><div class=\"wp-block-image\">\n<figure class=\"aligncenter\"><img loading=\"lazy\" decoding=\"async\" width=\"650\" height=\"351\" src=\"https:\/\/www.digitaldrimz.com\/tusociotecnologico\/wp-content\/uploads\/2019\/03\/data-discovery-compressor.jpg\" alt=\"\" class=\"wp-image-135\" srcset=\"https:\/\/www.digitaldrimz.com\/tusociotecnologico\/wp-content\/uploads\/2019\/03\/data-discovery-compressor.jpg 650w, https:\/\/www.digitaldrimz.com\/tusociotecnologico\/wp-content\/uploads\/2019\/03\/data-discovery-compressor-300x162.jpg 300w\" sizes=\"(max-width: 650px) 100vw, 650px\" \/><\/figure><\/div>\n\n\n<h3 class=\"wp-block-heading has-text-align-center\">Descubrimiento de Informaci\u00f3n Oculta<\/h3>\n\n\n\n<p class=\"has-text-align-center has-medium-font-size\">Aplicando t\u00e9cnicas de machine learning y de inteligencia artificial, se descubrir\u00e1 aquella informaci\u00f3n que no parece visualmente f\u00e1cil de ver y que realmente es mucho m\u00e1s valiosa.<\/p>\n<\/div>\n\n\n\n<div class=\"wp-block-column is-layout-flow wp-block-column-is-layout-flow\"><div class=\"wp-block-image\">\n<figure class=\"aligncenter\"><img loading=\"lazy\" decoding=\"async\" width=\"650\" height=\"351\" src=\"https:\/\/www.digitaldrimz.com\/tusociotecnologico\/wp-content\/uploads\/2019\/03\/datadiscovery-compressor.png\" alt=\"\" class=\"wp-image-136\" srcset=\"https:\/\/www.digitaldrimz.com\/tusociotecnologico\/wp-content\/uploads\/2019\/03\/datadiscovery-compressor.png 650w, https:\/\/www.digitaldrimz.com\/tusociotecnologico\/wp-content\/uploads\/2019\/03\/datadiscovery-compressor-300x162.png 300w\" sizes=\"(max-width: 650px) 100vw, 650px\" \/><\/figure><\/div>\n\n\n<h3 class=\"wp-block-heading has-text-align-center\">Informe de resultados<\/h3>\n\n\n\n<p class=\"has-text-align-center has-medium-font-size\">Con nuestra herramienta de visualizaci\u00f3n de datos configurable se podr\u00e1 generar informes que ser\u00e1n de utilidad para vuestra compa\u00f1\u00eda, permitiendo generar estrategias basadas en informaci\u00f3n.<\/p>\n<\/div>\n<\/div>\n\n\n\n<hr class=\"wp-block-separator has-css-opacity\"\/>\n\n\n\n<h2 class=\"wp-block-heading has-text-align-center\" id=\"ourClients\">Nuestros clientes<\/h2>\n\n\n\n<div class=\"wp-block-columns has-3-columns is-layout-flex wp-container-core-columns-is-layout-4 wp-block-columns-is-layout-flex\">\n<div class=\"wp-block-column is-layout-flow wp-block-column-is-layout-flow\">\n<div style=\"height:100px\" aria-hidden=\"true\" class=\"wp-block-spacer clientSpacer\"><\/div>\n\n\n<div class=\"wp-block-image\">\n<figure class=\"aligncenter\"><a href=\"https:\/\/www.primeinvest.es\" target=\"_blank\" rel=\"noreferrer noopener\"><img loading=\"lazy\" decoding=\"async\" width=\"600\" height=\"117\" src=\"https:\/\/www.digitaldrimz.com\/tusociotecnologico\/wp-content\/uploads\/2019\/02\/logo_primeinvest.png\" alt=\"Prime Invest\" class=\"wp-image-63\" srcset=\"https:\/\/www.digitaldrimz.com\/tusociotecnologico\/wp-content\/uploads\/2019\/02\/logo_primeinvest.png 600w, https:\/\/www.digitaldrimz.com\/tusociotecnologico\/wp-content\/uploads\/2019\/02\/logo_primeinvest-300x59.png 300w\" sizes=\"(max-width: 600px) 100vw, 600px\" \/><\/a><\/figure><\/div>\n\n\n<div style=\"height:100px\" aria-hidden=\"true\" class=\"wp-block-spacer clientSpacer\"><\/div>\n\n\n<div class=\"wp-block-image\">\n<figure class=\"aligncenter\"><a href=\"https:\/\/www.uca.es\" target=\"_blank\" rel=\"noreferrer noopener\"><img loading=\"lazy\" decoding=\"async\" width=\"304\" height=\"149\" src=\"https:\/\/www.digitaldrimz.com\/tusociotecnologico\/wp-content\/uploads\/2019\/02\/client1.jpg\" alt=\"\" class=\"wp-image-117\" srcset=\"https:\/\/www.digitaldrimz.com\/tusociotecnologico\/wp-content\/uploads\/2019\/02\/client1.jpg 304w, https:\/\/www.digitaldrimz.com\/tusociotecnologico\/wp-content\/uploads\/2019\/02\/client1-300x147.jpg 300w\" sizes=\"(max-width: 304px) 100vw, 304px\" \/><\/a><\/figure><\/div><\/div>\n\n\n\n<div class=\"wp-block-column is-layout-flow wp-block-column-is-layout-flow\"><div class=\"wp-block-image\">\n<figure class=\"aligncenter\"><a href=\"https:\/\/www.fmconsulting.es\" target=\"_blank\" rel=\"noreferrer noopener\"><img loading=\"lazy\" decoding=\"async\" width=\"165\" height=\"150\" src=\"https:\/\/www.digitaldrimz.com\/tusociotecnologico\/wp-content\/uploads\/2019\/03\/fmlogo-compressor.png\" alt=\"\" class=\"wp-image-146\"\/><\/a><\/figure><\/div>\n\n\n<div style=\"height:100px\" aria-hidden=\"true\" class=\"wp-block-spacer clientSpacer\"><\/div>\n\n\n<div class=\"wp-block-image\">\n<figure class=\"aligncenter\"><a href=\"https:\/\/www.cavservicios.com\" target=\"_blank\" rel=\"noreferrer noopener\"><img loading=\"lazy\" decoding=\"async\" width=\"304\" height=\"149\" src=\"https:\/\/www.digitaldrimz.com\/tusociotecnologico\/wp-content\/uploads\/2019\/02\/client5.jpg\" alt=\"\" class=\"wp-image-118\" srcset=\"https:\/\/www.digitaldrimz.com\/tusociotecnologico\/wp-content\/uploads\/2019\/02\/client5.jpg 304w, https:\/\/www.digitaldrimz.com\/tusociotecnologico\/wp-content\/uploads\/2019\/02\/client5-300x147.jpg 300w\" sizes=\"(max-width: 304px) 100vw, 304px\" \/><\/a><\/figure><\/div>\n\n<div class=\"wp-block-image\">\n<figure class=\"aligncenter\"><a href=\"https:\/\/www.marsopensociety.com\" target=\"_blank\" rel=\"noreferrer noopener\"><img loading=\"lazy\" decoding=\"async\" width=\"500\" height=\"500\" src=\"https:\/\/www.digitaldrimz.com\/tusociotecnologico\/wp-content\/uploads\/2019\/03\/marssociety-compressor.png\" alt=\"\" class=\"wp-image-139\" srcset=\"https:\/\/www.digitaldrimz.com\/tusociotecnologico\/wp-content\/uploads\/2019\/03\/marssociety-compressor.png 500w, https:\/\/www.digitaldrimz.com\/tusociotecnologico\/wp-content\/uploads\/2019\/03\/marssociety-compressor-150x150.png 150w, https:\/\/www.digitaldrimz.com\/tusociotecnologico\/wp-content\/uploads\/2019\/03\/marssociety-compressor-300x300.png 300w\" sizes=\"(max-width: 500px) 100vw, 500px\" \/><\/a><\/figure><\/div><\/div>\n\n\n\n<div class=\"wp-block-column is-layout-flow wp-block-column-is-layout-flow\"><div class=\"wp-block-image\">\n<figure class=\"aligncenter\"><a href=\"https:\/\/www.infosierracadiz.es\" target=\"_blank\" rel=\"noreferrer noopener\"><img loading=\"lazy\" decoding=\"async\" width=\"304\" height=\"149\" src=\"https:\/\/www.digitaldrimz.com\/tusociotecnologico\/wp-content\/uploads\/2019\/02\/client2.jpg\" alt=\"\" class=\"wp-image-116\" srcset=\"https:\/\/www.digitaldrimz.com\/tusociotecnologico\/wp-content\/uploads\/2019\/02\/client2.jpg 304w, https:\/\/www.digitaldrimz.com\/tusociotecnologico\/wp-content\/uploads\/2019\/02\/client2-300x147.jpg 300w\" sizes=\"(max-width: 304px) 100vw, 304px\" \/><\/a><\/figure><\/div>\n\n\n<div style=\"height:100px\" aria-hidden=\"true\" class=\"wp-block-spacer clientSpacer\"><\/div>\n\n\n<div class=\"wp-block-image\">\n<figure class=\"aligncenter\"><a href=\"https:\/\/www.electrocosto.com\" target=\"_blank\" rel=\"noreferrer noopener\"><img loading=\"lazy\" decoding=\"async\" width=\"448\" height=\"153\" src=\"https:\/\/www.digitaldrimz.com\/tusociotecnologico\/wp-content\/uploads\/2019\/02\/electrocosto-logo-1550210987.jpg\" alt=\"\" class=\"wp-image-121\" srcset=\"https:\/\/www.digitaldrimz.com\/tusociotecnologico\/wp-content\/uploads\/2019\/02\/electrocosto-logo-1550210987.jpg 448w, https:\/\/www.digitaldrimz.com\/tusociotecnologico\/wp-content\/uploads\/2019\/02\/electrocosto-logo-1550210987-300x102.jpg 300w\" sizes=\"(max-width: 448px) 100vw, 448px\" \/><\/a><\/figure><\/div><\/div>\n<\/div>\n\n\n\n<div class=\"alignfull wp-block-ugb-container ugb-container contactContainer ugb-08636aa ugb-container--v2 ugb-container--design-basic ugb-main-block\"><style>.ugb-08636aa-wrapper.ugb-container__wrapper{background-color:#26292d !important;background-image:url(https:\/\/www.digitaldrimz.com\/tusociotecnologico\/wp-content\/uploads\/2019\/03\/map-image.png)}.ugb-08636aa-wrapper.ugb-container__wrapper:before{background-color:#26292d !important;opacity:0.5}.ugb-08636aa-content-wrapper > h1,.ugb-08636aa-content-wrapper > h2,.ugb-08636aa-content-wrapper > h3,.ugb-08636aa-content-wrapper > h4,.ugb-08636aa-content-wrapper > h5,.ugb-08636aa-content-wrapper > h6{color:#ffffff}.ugb-08636aa-content-wrapper > p,.ugb-08636aa-content-wrapper > ol li,.ugb-08636aa-content-wrapper > ul li{color:#ffffff}@media screen and (min-width:768px){.ugb-08636aa-content-wrapper.ugb-container__content-wrapper{width:100% !important}.ugb-08636aa.ugb-container{margin-top:0px !important;margin-bottom:0px !important}}<\/style><div class=\"ugb-inner-block\"><div class=\"ugb-block-content\"><div class=\"ugb-container__wrapper ugb-08636aa-wrapper ugb--shadow-3 ugb--has-background-overlay\"><div class=\"ugb-container__side\"><div class=\"ugb-container__content-wrapper ugb-08636aa-content-wrapper\">\n<h2 class=\"wp-block-heading has-text-align-center contactTitle\" id=\"contactUs\">CONTACTA CON NOSOTROS<\/h2>\n\n\n\n<p class=\"has-text-align-center contactPara has-text-color has-medium-font-size\" style=\"color:#ffffff\">Env\u00ed\u00adanos un mail con nuestro formulario o escr\u00ed\u00adbenos a info@digitaldrimz.com. Nosotros te contestaremos en la menor brevedad posible. \u00bfTienes una idea y no sabes como comenzar? \u00bfQuieres mejorar la visi\u00f3n de tu empresa? Cu\u00e9ntanos lo que necesites<\/p>\n\n\n\n<div class=\"wpcf7 no-js\" id=\"wpcf7-f78-o2\" lang=\"en-US\" dir=\"ltr\">\n<div class=\"screen-reader-response\"><p role=\"status\" aria-live=\"polite\" aria-atomic=\"true\"><\/p> <ul><\/ul><\/div>\n<form action=\"\/tusociotecnologico\/wp-json\/wp\/v2\/pages\/19#wpcf7-f78-o2\" method=\"post\" class=\"wpcf7-form init\" id=\"contactForm\" aria-label=\"Contact form\" novalidate=\"novalidate\" data-status=\"init\">\n<div style=\"display: none;\">\n<input type=\"hidden\" name=\"_wpcf7\" value=\"78\" \/>\n<input type=\"hidden\" name=\"_wpcf7_version\" value=\"5.9.8\" \/>\n<input type=\"hidden\" name=\"_wpcf7_locale\" value=\"en_US\" \/>\n<input type=\"hidden\" name=\"_wpcf7_unit_tag\" value=\"wpcf7-f78-o2\" \/>\n<input type=\"hidden\" name=\"_wpcf7_container_post\" value=\"0\" \/>\n<input type=\"hidden\" name=\"_wpcf7_posted_data_hash\" value=\"\" \/>\n<input type=\"hidden\" name=\"_wpcf7_recaptcha_response\" value=\"\" \/>\n<\/div>\n<div class=\"theContactData\">\n\t<div>\n\t\t<p><label> Tu nombre <span class=\"reqicon\">*<\/span><br \/>\n<span class=\"wpcf7-form-control-wrap\" data-name=\"nombre\"><input size=\"40\" maxlength=\"400\" class=\"wpcf7-form-control wpcf7-text wpcf7-validates-as-required\" aria-required=\"true\" aria-invalid=\"false\" value=\"\" type=\"text\" name=\"nombre\" \/><\/span> <\/label>\n\t\t<\/p>\n\t\t<p><label> Tu email <span class=\"reqicon\">*<\/span><br \/>\n<span class=\"wpcf7-form-control-wrap\" data-name=\"email\"><input size=\"40\" maxlength=\"400\" class=\"wpcf7-form-control wpcf7-email wpcf7-validates-as-required wpcf7-text wpcf7-validates-as-email\" aria-required=\"true\" aria-invalid=\"false\" value=\"\" type=\"email\" name=\"email\" \/><\/span> <\/label>\n\t\t<\/p>\n\t\t<p><label> Tu telf. <span class=\"reqicon\">*<\/span><br \/>\n<span class=\"wpcf7-form-control-wrap\" data-name=\"tlf\"><input size=\"40\" maxlength=\"400\" class=\"wpcf7-form-control wpcf7-tel wpcf7-text wpcf7-validates-as-tel\" aria-invalid=\"false\" value=\"\" type=\"tel\" name=\"tlf\" \/><\/span> <\/label>\n\t\t<\/p>\n\t<\/div>\n\t<div>\n\t\t<p><label> Tu mensaje<br \/>\n<span class=\"wpcf7-form-control-wrap\" data-name=\"mensaje\"><textarea cols=\"40\" rows=\"10\" maxlength=\"2000\" class=\"wpcf7-form-control wpcf7-textarea\" aria-invalid=\"false\" name=\"mensaje\"><\/textarea><\/span> <\/label>\n\t\t<\/p>\n\t<\/div>\n<\/div>\n<p><input class=\"wpcf7-form-control wpcf7-submit has-spinner\" type=\"submit\" value=\"Enviar Mensaje\" \/>\n<\/p><div class=\"wpcf7-response-output\" aria-hidden=\"true\"><\/div>\n<\/form>\n<\/div>\n\n<\/div><\/div><\/div><\/div><\/div><\/div>\n","protected":false},"excerpt":{"rendered":"<p>\u00bfTienes una inmobiliaria? \u00bfTienes una web, CRM y millones de Excels? \u00bfTardas mucho tiempo subiendo tus inmuebles de tu CRM a tu Web? \u00bfTienes problemas integrando toda tu informaci\u00f3n \u00bfY &#8230;<\/p>\n","protected":false},"author":2,"featured_media":0,"parent":0,"menu_order":0,"comment_status":"closed","ping_status":"closed","template":"","meta":{"footnotes":""},"class_list":["post-19","page","type-page","status-publish","hentry"],"featured_image_urls_v2":{"full":"","thumbnail":"","medium":"","medium_large":"","large":"","1536x1536":"","2048x2048":"","onepress-blog-small":"","onepress-small":"","onepress-medium":""},"post_excerpt_stackable_v2":"<p>\u00bfTienes una inmobiliaria? \u00bfTienes una web, CRM y millones de Excels? \u00bfTardas mucho tiempo subiendo tus inmuebles de tu CRM a tu Web? \u00bfTienes problemas integrando toda tu informaci\u00f3n \u00bfY si te digo que eso le pasa a muchos como t\u00fa y que nosotros les hemos ayudado? Nombre Email Tel\u00c3\u0083\u00c2\u00a9fono DATA CENTRIC PRODUCTS Inmobiliarias y Promotores Inmobiliarias Toma ventaja de tus competidores analizando datos de tus clientes, de las ventas de tus inmuebles y encuentra las mejores oportunidades del mercado. Sector energ\u00e9tico Integra los datos de diferentes plantas solares y e\u00f3licas y analiza cuales son las mejores localizaciones y encuentra&hellip;<\/p>\n","category_list_v2":"","author_info_v2":{"name":"Digital Drimz","url":"https:\/\/www.digitaldrimz.com\/tusociotecnologico\/author\/digitaldrimz\/"},"comments_num_v2":"0 comments","_links":{"self":[{"href":"https:\/\/www.digitaldrimz.com\/tusociotecnologico\/wp-json\/wp\/v2\/pages\/19"}],"collection":[{"href":"https:\/\/www.digitaldrimz.com\/tusociotecnologico\/wp-json\/wp\/v2\/pages"}],"about":[{"href":"https:\/\/www.digitaldrimz.com\/tusociotecnologico\/wp-json\/wp\/v2\/types\/page"}],"author":[{"embeddable":true,"href":"https:\/\/www.digitaldrimz.com\/tusociotecnologico\/wp-json\/wp\/v2\/users\/2"}],"replies":[{"embeddable":true,"href":"https:\/\/www.digitaldrimz.com\/tusociotecnologico\/wp-json\/wp\/v2\/comments?post=19"}],"version-history":[{"count":117,"href":"https:\/\/www.digitaldrimz.com\/tusociotecnologico\/wp-json\/wp\/v2\/pages\/19\/revisions"}],"predecessor-version":[{"id":386,"href":"https:\/\/www.digitaldrimz.com\/tusociotecnologico\/wp-json\/wp\/v2\/pages\/19\/revisions\/386"}],"wp:attachment":[{"href":"https:\/\/www.digitaldrimz.com\/tusociotecnologico\/wp-json\/wp\/v2\/media?parent=19"}],"curies":[{"name":"wp","href":"https:\/\/api.w.org\/{rel}","templated":true}]}}